	{"id":85,"date":"2013-11-08T10:47:32","date_gmt":"2013-11-08T08:47:32","guid":{"rendered":"http:\/\/beta.dgt.sk\/penatigolfresort_NEW\/?page_id=85"},"modified":"2026-03-13T20:17:34","modified_gmt":"2026-03-13T19:17:34","slug":"clenstva","status":"publish","type":"page","link":"https:\/\/www.penatigolfresort.sk\/en\/golf\/clenstva\/","title":{"rendered":"Memberships"},"content":{"rendered":"<p><\/p>\n<h2 class=\"subheadline\">Types of membership<\/h2>\n<div class=\"unpacker_group\">\n<div class=\"unpacker\">\n<div class=\"unpacker_hl opened\">Individual membership<\/div>\n<div class=\"unpacker_content\">\n<h3 class=\"subheadline2\">Lifetime individual Membership<\/h3>\n<table class=\"nice\">\n<tbody>\n<tr class=\"second\">\n<td><strong>MEMBERSHIP <\/strong><\/td>\n<td><strong>5 900 Eur<\/strong><\/td>\n<\/tr>\n<tr class=\"first\">\n<td><strong>ANNUAL MAINTENANCE FEE<\/strong><\/td>\n<td><strong>1 590 Eur<\/strong><\/td>\n<\/tr>\n<tr class=\"second\">\n<td class=\"autoheight\" colspan=\"2\">\n<ul>\n<li><em>maintenance fee may be taken under review<\/em><\/li>\n<li><em>TOP benefits of LIFETIME membership<\/em><\/li>\n<\/ul>\n<\/td>\n<\/tr>\n<\/tbody>\n<\/table>\n<div class=\"divider_line\">\u00a0<\/div>\n<h3 class=\"subheadline2\">ANNUAL Individual Membership<\/h3>\n<table class=\"nice\">\n<tbody>\n<tr class=\"second\">\n<td><strong> MEMBERSHIP <\/strong><\/td>\n<td><strong>1 850 Eur<\/strong><\/td>\n<\/tr>\n<tr class=\"first\">\n<td class=\"autoheight\" colspan=\"2\">\n<ul>\n<li><em>issued under member name and surname<\/em><\/li>\n<li><em>members enjoy the benefits of ANNUAL membership<\/em><\/li>\n<\/ul>\n<\/td>\n<\/tr>\n<\/tbody>\n<\/table>\n<\/div>\n<\/div>\n<div class=\"unpacker\">\n<div class=\"unpacker_hl closed\">Corporate Membership<\/div>\n<div class=\"unpacker_content\">\n<h3 class=\"subheadline2\">LIFETIME Corporate\u00a0Membership<\/h3>\n<table class=\"nice\">\n<tbody>\n<tr class=\"second\">\n<td><strong>MEMBERSHIP<\/strong><\/td>\n<td><strong><strong>5 900 Eur + <\/strong><\/strong><strong>VAT\/year<\/strong><\/td>\n<\/tr>\n<tr class=\"first\">\n<td><strong>ANNUAL MAINTENANCE FEE<\/strong><\/td>\n<td><strong><strong>1 590 Eur + <\/strong><\/strong><strong>VAT\/year<\/strong><\/td>\n<\/tr>\n<tr class=\"second\">\n<td class=\"autoheight\" colspan=\"2\">\n<ul>\n<li><em>maintenance fee may be taken under review<\/em><\/li>\n<li><em>TOP benefits of LIFETIME membership<\/em><\/li>\n<li><em>issued under company name and name and surname of company\u2019s representative<\/em><\/li>\n<li><em>the name of \u00a0company\u2019s representative\u00a0may be changed no more than once per year<\/em><\/li>\n<\/ul>\n<\/td>\n<\/tr>\n<\/tbody>\n<\/table>\n<div class=\"divider_line\">\u00a0<\/div>\n<h3 class=\"subheadline2\">ANNUAL\u00a0Corporate\u00a0Membership<\/h3>\n<table class=\"nice\">\n<tbody>\n<tr class=\"second\">\n<td><strong>MEMBERSHIP<\/strong><\/td>\n<td><strong><strong>2 300 Eur <\/strong><\/strong><strong>+ VAT<\/strong><\/td>\n<\/tr>\n<tr class=\"first\">\n<td class=\"autoheight\" colspan=\"2\">\n<ul>\n<li>issued under company name and name and surname of company\u2019s representative<\/li>\n<\/ul>\n<\/td>\n<\/tr>\n<\/tbody>\n<\/table>\n<div class=\"divider_line\">\u00a0<\/div>\n<h3 class=\"subheadline2\">TRANSFERRABLE ANNUAL Corporate Membership<\/h3>\n<table class=\"nice\">\n<tbody>\n<tr class=\"second\">\n<td><strong>MEMBERSHIP<\/strong><\/td>\n<td><strong>3 600 Eur + VAT<\/strong><\/td>\n<\/tr>\n<tr class=\"first\">\n<td class=\"autoheight\" colspan=\"2\">\n<ul>\n<li><em>issued under company name, but without the name of any specific person<\/em><\/li>\n<li><em>transferrable membership card &#8211; the company representative may give it to his\/her colleagues and business partners to play golf (60 rounds a year, not applicable on tournaments)<\/em><\/li>\n<li>unused credit balance is neither carried over nor refunded<\/li>\n<li>membership cannot be subject to further sale<\/li>\n<\/ul>\n<\/td>\n<\/tr>\n<\/tbody>\n<\/table>\n<\/div>\n<\/div>\n<\/div>\n<div id=\"benefity\" class=\"unpacker\">\n<div class=\"unpacker_hl closed\">Benefits<\/div>\n<div class=\"unpacker_content\">\n<h2 class=\"subheadline\">We give you the most. With our BEST VALUE lifetime membership you get access to 8 TOP golf resorts including 12 TOP European golf courses.<\/h2>\n<div><span style=\"color: #606060;\">1. ALBATROSS Golf Resort, Czech republic, 18-hole course,\u00a0<\/span><a href=\"http:\/\/www.albatross.cz\/\" target=\"_blank\" rel=\"noopener noreferrer\"><span style=\"color: #908867;\">www.albatross.cz\u00a0<\/span><\/a> <br \/>\n<span style=\"color: #606060;\">2. Golf &amp; Country Club DACHSTEIN-TAUERN, Austria, 18-hole course,\u00a0<\/span><a href=\"http:\/\/www.schladming-golf.at\/\" target=\"_blank\" rel=\"noopener noreferrer\"><span style=\"color: #908867;\">www.schladming-golf.at<\/span><\/a> <br \/>\n<span style=\"color: #606060;\">3. Royal Park I Roveri, Italy, 2&#215;18-hole courses,\u00a0<\/span><a href=\"http:\/\/www.royalparkgolf.it\/\" target=\"_blank\" rel=\"noopener noreferrer\"><span style=\"color: #908867;\">www.royalparkgolf.it<\/span><\/a> <br \/>\n<span style=\"color: #606060;\">4. ZALA SPRINGS GOLF RESORT, Hungary, 18-hole course,\u00a0<\/span><a href=\"http:\/\/www.zalasprings.hu\/\" target=\"_blank\" rel=\"noopener noreferrer\"><span style=\"color: #908867;\">www.zalasprings.hu<\/span><\/a> <br \/>\n<span style=\"color: #606060;\">5. <span style=\"font-weight: 400;\">THEODORA GOLF CLUB, Romania, 18-hole course, <\/span><a href=\"https:\/\/www.penatigolfresort.sk\/golf\/partnerske-kluby\/www.theodoragolfclub.ro\"><span style=\"font-weight: 400;\">www.theodoragolfclub.ro<\/span><\/a><\/span> <br \/>\n<span style=\"color: #606060;\">6. Golfclub ADAMSTAL, Austria, 1&#215;19-hole course + 1&#215;9-hole course,\u00a0<\/span><a href=\"http:\/\/www.adamstal.at\/\" target=\"_blank\" rel=\"noopener noreferrer\"><span style=\"color: #908867;\">www.adamstal.a<\/span><\/a><\/div>\n<div>7. KYT\u00c4J\u00c4 GOLF CLUB, Finnland, 2&#215;18-hole courses, <a href=\"http:\/\/www.kytajagolf.fi\/en\/\" target=\"_blank\" rel=\"noopener noreferrer\"><span style=\"color: #908867;\">www.kytajagolf.fi<\/span><\/a><\/div>\n<div>8. Penati Golf Resort, Slovakia, 2&#215;18 hole courses, <a href=\"http:\/\/www.penatigolfresort.sk\/\" target=\"_blank\" rel=\"noopener noreferrer\">www.penatigolfresort.sk<\/a><\/div>\n<p>\u00a0 There is more detailed information about conditions in section <b><a href=\"https:\/\/www.penatigolfresort.sk\/en\/golf\/partnerske-kluby\/\">GOLF\/Partnerclubs<\/a><\/b>. \u00a0<\/p>\n<div class=\"divider_line\">\u00a0<\/div>\n<h3 class=\"subheadline2\">Benefits of LIFETIME membership<\/h3>\n<ul>\n<li>lifelong play<\/li>\n<li>entry to the separate club section of the restaurant<\/li>\n<li>option of taking a guest player into the flight with a discount of 15% (does not apply for tournaments)<\/li>\n<li>discount of EUR 12 for renting a golf cart<\/li>\n<li>discount on the rental of a manual electrical cart: EUR 1.5\/9 holes, EUR 3\/18 holes<\/li>\n<li>partner discount &#8211; your spouse\/partner gets a discount of 35%\u00a0<em>(also applies to renewal charge)<\/em><\/li>\n<li>50% discount on golf balls on the driving range<\/li>\n<li>free entry to training areas &#8211; chipping, putting, pitching, training sand bunker<\/li>\n<li>free locker in the club changing room during play on the golf course\u00a0<em>(depending on storage space available at the time)<\/em><\/li>\n<li>green fee-free play at partner courses abroad<\/li>\n<li>access to benefits and discounts that resort partners provide to club members at the time (we send information to members via the club bulletin by email)<\/li>\n<\/ul>\n<div class=\"divider_line\">\u00a0<\/div>\n<h3 class=\"subheadline2\">Benefits of ANNUAL membership<\/h3>\n<ul>\n<li>play for one year\u00a0<em>(valid from the payment date until the same date the next year)<\/em><\/li>\n<li>entry to the separate club section of the restaurant<\/li>\n<li>option of taking a guest player into the flight with a discount of 10%\u00a0<em>(does not apply to tournaments)<\/em><\/li>\n<li>discount of EUR 8 for renting a golf cart<\/li>\n<li>discount on the rental of a manual electric cart: EUR 1.5\/9 holes, EUR 3\/18 holes<\/li>\n<li>30% discount on golf balls on the driving range<\/li>\n<li>free locker in the club changing room during play on the course\u00a0<em>(depending on storage space available at the time)<\/em><\/li>\n<li>free entry to training areas &#8211; chipping, putting, pitching, training sand bunker<\/li>\n<\/ul>\n<div class=\"divider_line\">\u00a0<\/div>\n<div>\n<p><strong> FAMILY MEMBERS OF PENATI GOLF CLUB MEMBERS GET DISCOUNTED MEMBERSHIP (discounts range from 35% to 85%). <\/strong> Partner membership &#8211; 35% discount Student membership &#8211; 50% discount Junior membership &#8211; 70% discount Child membership &#8211; 85% discount. Discounts are applied on both annual and lifetime memberships. There is more detailed information in the Membership price list section: <u> <a href=\"https:\/\/www.penatigolfresort.sk\/en\/golf\/cennik\/\" target=\"_blank\" rel=\"noopener noreferrer\"> www.penatigolfresort.sk\/en\/golf\/cennik\/ <\/a> <\/u><\/p>\n<div><strong><span style=\"color: #606060;\">\u00a0<\/span><\/strong><\/div>\n<p><strong> PRIVATE CLUB PENATI IN BRATISLAVA WITH A BONUS FOR PENATI GOLF CLUB LIFETIME MEMBERS. <\/strong> Lifetime Members of Penati Golf Club who also buy a membership of CLUB PENATI Business &amp; Family Club have the opportunity to use one of the following CLUB PENATI bonuses: &#8211; &#8220;12 + 2 FREE&#8221; &#8211; <strong>2 months of free use of CLUB PENATI extra<\/strong> or &#8211; <strong> 5 stays yearly at accommodation in the CLUB PENATI apartment zone free of charge <\/strong> . You must have a currently valid membership at Penati Golf Club or a membership bought in the relevant current year to apply the bonus. The private club &#8220;CLUB PENATI Business &amp; Family Club&#8221; is located in the D\u00fabravka area of Bratislava and it provides its members with a discrete environment for work, business and rest. It has a broad range of sports grounds under one roof, it offers a modern wellness and relaxation centre, and comprehensive facilities for training and company events, as well as private social events. The elegant clubhouses provide a discrete location for business meetings and for administrative councils to meet. Restaurant Penati, which is operated by Bencik Culinary Group, guarantees quality restaurateur services and catering. <strong>Contact:<\/strong>\u0160tefan Holi\u010d, <u><a href=\"mailto:holic@penati.sk\">holic@penati.sk<\/a><\/u>, (00421) 910 555 554.<\/p>\n<div><strong><span style=\"color: #606060;\">\u00a0<\/span><\/strong><\/div>\n<p><strong>DISCOUNTED STAY AT THE CASTLE HOTEL CHATEAU HERALEC. <\/strong> Penati Golf Club lifetime\u00a0club members can apply a <strong>15% discount on accommodation<\/strong> at the 5-star castle hotel CHATEAU HERALEC Boutique Hotel &amp; Spa by L&#8217;Occitane in Vyso\u010dina in the Czech Republic. You can use the offer more than once and at any time of the year. The discount does not apply on packages. You have to be a currently valid member of Penati Golf Club to apply the discount. For more information about the hotel go <u><a href=\"http:\/\/www.chateauheralec.travel\/\" target=\"_blank\" rel=\"noopener noreferrer\">HERE<\/a><\/u><\/p>\n<div>\u00a0<\/div>\n<\/div>\n<\/div>\n<div style=\"height: 30px;\">\u00a0<\/div>\n<p>If you are interested in becoming a member of Penati Golf Club, please contact the membership administrator &#8211; <strong>Ing. Andrea Ky\u0161kynov\u00e1, (00421) 910 609 376, andrea.kyskynova@penatigolfresort.sk<\/strong>. She will provide you with more information about membership conditions, she will help you choose the type of membership to best suit you, and she will ensure that the registration process happens in accordance with the law on personal data protection. <!--<\/p>\n\n\n\n\n<p>Odpor\u00fa\u010dame venova\u0165 pozornos\u0165 sekcii<br \/>\n<a href=\"http:\/\/www.penatigolfresort.sk\/uzitocne\/ochrana-osobnych-udajov\/\" target=\"_blank\" rel=\"noopener noreferrer\">Ochrana osobn\u00fdch d\u00e1t<\/a>.<\/p>\n\n\n\n\n<p>--><\/p>\n<\/div>\n<p><\/p>","protected":false},"excerpt":{"rendered":"<p>Types of membership Individual membership Lifetime individual Membership MEMBERSHIP 5 900 Eur ANNUAL MAINTENANCE FEE 1 590 Eur maintenance fee may be taken under review TOP benefits of LIFETIME membership \u00a0 ANNUAL Individual Membership MEMBERSHIP 1 850 Eur issued under member name and surname members enjoy the benefits of ANNUAL membership Corporate Membership LIFETIME Corporate\u00a0Membership [&hellip;]<\/p>\n","protected":false},"author":1,"featured_media":0,"parent":58,"menu_order":1,"comment_status":"closed","ping_status":"closed","template":"page-clenstva.php","meta":{"_acf_changed":false,"footnotes":"","_links_to":"","_links_to_target":""},"class_list":["post-85","page","type-page","status-publish","hentry"],"acf":[],"_links":{"self":[{"href":"https:\/\/www.penatigolfresort.sk\/en\/wp-json\/wp\/v2\/pages\/85","targetHints":{"allow":["GET"]}}],"collection":[{"href":"https:\/\/www.penatigolfresort.sk\/en\/wp-json\/wp\/v2\/pages"}],"about":[{"href":"https:\/\/www.penatigolfresort.sk\/en\/wp-json\/wp\/v2\/types\/page"}],"author":[{"embeddable":true,"href":"https:\/\/www.penatigolfresort.sk\/en\/wp-json\/wp\/v2\/users\/1"}],"replies":[{"embeddable":true,"href":"https:\/\/www.penatigolfresort.sk\/en\/wp-json\/wp\/v2\/comments?post=85"}],"version-history":[{"count":266,"href":"https:\/\/www.penatigolfresort.sk\/en\/wp-json\/wp\/v2\/pages\/85\/revisions"}],"predecessor-version":[{"id":6125,"href":"https:\/\/www.penatigolfresort.sk\/en\/wp-json\/wp\/v2\/pages\/85\/revisions\/6125"}],"up":[{"embeddable":true,"href":"https:\/\/www.penatigolfresort.sk\/en\/wp-json\/wp\/v2\/pages\/58"}],"wp:attachment":[{"href":"https:\/\/www.penatigolfresort.sk\/en\/wp-json\/wp\/v2\/media?parent=85"}],"curies":[{"name":"wp","href":"https:\/\/api.w.org\/{rel}","templated":true}]}}