	{"id":83,"date":"2013-11-08T10:47:16","date_gmt":"2013-11-08T08:47:16","guid":{"rendered":"http:\/\/beta.dgt.sk\/penatigolfresort_NEW\/?page_id=83"},"modified":"2026-02-20T15:33:12","modified_gmt":"2026-02-20T14:33:12","slug":"golf-club","status":"publish","type":"page","link":"https:\/\/www.penatigolfresort.sk\/en\/golf\/golf-club\/","title":{"rendered":"Golf Club"},"content":{"rendered":"<p><\/p>\n<div class=\"unpacker_group\">\n<div class=\"unpacker\">\n<div class=\"unpacker_hl opened\">Golf club<\/div>\n<div class=\"unpacker_content\">\n<h2 class=\"subheadline\"><strong>PURCHASE A MEMBERSHIP NOW!<\/strong><\/h2>\n<p>Penati Golf Resort is <strong>Slovakia\u2019s largest golf course <\/strong>surrounded by the picturesque Little Carpathian Mountains in Z\u00e1horie<strong> less than an hour\u2019s drive from Bratislava, <\/strong>and has been ranked among the <strong>best European courses <\/strong>by the World of Leading Golf and the World\u2019s Premier Golf Destinations. Ever since it was established, Penati has been the <strong>most award-winning golf course in Slovakia<\/strong>, featured in many major rankings and reviews of courses by both golf professionals and ordinary golfers from Slovakia and around the world. See <u>Awards &amp; Rankings<\/u> for more information.<\/p>\n<p>The sandy subsoil quickly and effectively absorbs rainwater so the Penati Golf Resort is one of the <strong>most playable<\/strong> courses during the season. Something special at the resort is <strong>Central Europe&#8217;s longest hole <\/strong>at 712 m and 11 tees.<\/p>\n<p>Two 18-hole courses equal in quality, however different in their character, the LEGEND, and the HERITAGE, guarantee club members the opportunity anytime to play <strong>a full eighteen<\/strong> even if the other course is closed because of a tournament.<\/p>\n<p>The Penati Golf Club membership provides its holders also with <strong>green fee<\/strong>&#8211;<strong>free play <\/strong>in our partner clubs at premium golf resorts in Europe: <strong>ALBATROSS (CZ), DACHSTEIN- TAUERN (AT), ROYAL PARK I ROVERI (IT), ZALA SPRINGS (HU), ADAMSTAL (AT),\u00a0KYT\u00c4J\u00c4 (FI), THEODORA (RO), CASTLETROY (IE) a ARGENTARIO (IT)<\/strong>. For detailed information see <a href=\"https:\/\/www.penatigolfresort.sk\/golf\/partnerske-kluby\/\">Partner Clubs<\/a>.<\/p>\n<p>Membership at the Penati Golf Club is an investment that can never be lost or declined in value &#8211; lifetime memberships are <strong>inheritable and transferrable.<\/strong> A growing number of members are providing the opportunity for investment in further <strong>development of the resort<\/strong>. Nonetheless, the number of members is limited, and Penati Gold Resort is progressively turning into a <strong>semi-private<\/strong> club.<\/p>\n<p>If you are interested in membership, please contact: Ing. Andrea Ky\u0161kynov\u00e1, phone: +421 910 609 376, email:\u00a0<a href=\"mailto:andrea.kyskynova@penatigolfresort.sk\">andrea.kyskynova@penatigolfresort.sk<\/a><\/p>\n<\/div>\n<\/div>\n<\/div>\n<div class=\"unpacker\">\n<div class=\"unpacker_hl closed\">Executives and Administrative Board<\/div>\n<div class=\"unpacker_content\">\n<h2 class=\"subheadline\">Club Executives<\/h2>\n<p>Ing. J\u00e1n Tom\u00e1\u0161, Club President<\/p>\n<p>Ing. Richard Hudec, Club Vice President<\/p>\n<p>J\u00e1n Kasper ml., Club Vice President<\/p>\n<\/div>\n<div class=\"unpacker_content\">\n<h2 class=\"subheadline\">Administrative Board<\/h2>\n<p>Ing. J\u00e1n Kasper st., Chairman<\/p>\n<p>Ing. Peter Z\u00e1le\u0161\u00e1k<\/p>\n<p>Ing. Marek Tom\u00e1\u0161<\/p>\n<p>Ing. Zuzana Hudecov\u00e1<\/p>\n<p>Ing. Franti\u0161ek Kalivoda<\/p>\n<p>Ing. Ivan Ro\u0161t\u00e1r<\/p>\n<p>Mag. Martin Ki\u0148o<\/p>\n<p>Ing. Viliam Maro\u0161<\/p>\n<p>Ing. Vladim\u00edr Raj\u010d\u00e1k<\/p>\n<p>&nbsp;<\/p>\n<h2 class=\"subheadline\">General Manager of the Penati Golf Resort<\/h2>\n<p>Fda. Radom\u00edr Hole\u010dka<\/p>\n<\/div>\n<\/div>\n<p>&nbsp;<\/p>\n<p><\/p>","protected":false},"excerpt":{"rendered":"<p>Golf club PURCHASE A MEMBERSHIP NOW! Penati Golf Resort is Slovakia\u2019s largest golf course surrounded by the picturesque Little Carpathian Mountains in Z\u00e1horie less than an hour\u2019s drive from Bratislava, and has been ranked among the best European courses by the World of Leading Golf and the World\u2019s Premier Golf Destinations. Ever since it was [&hellip;]<\/p>\n","protected":false},"author":1,"featured_media":0,"parent":58,"menu_order":0,"comment_status":"closed","ping_status":"closed","template":"","meta":{"_acf_changed":false,"footnotes":"","_links_to":"","_links_to_target":""},"class_list":["post-83","page","type-page","status-publish","hentry"],"acf":[],"_links":{"self":[{"href":"https:\/\/www.penatigolfresort.sk\/en\/wp-json\/wp\/v2\/pages\/83","targetHints":{"allow":["GET"]}}],"collection":[{"href":"https:\/\/www.penatigolfresort.sk\/en\/wp-json\/wp\/v2\/pages"}],"about":[{"href":"https:\/\/www.penatigolfresort.sk\/en\/wp-json\/wp\/v2\/types\/page"}],"author":[{"embeddable":true,"href":"https:\/\/www.penatigolfresort.sk\/en\/wp-json\/wp\/v2\/users\/1"}],"replies":[{"embeddable":true,"href":"https:\/\/www.penatigolfresort.sk\/en\/wp-json\/wp\/v2\/comments?post=83"}],"version-history":[{"count":119,"href":"https:\/\/www.penatigolfresort.sk\/en\/wp-json\/wp\/v2\/pages\/83\/revisions"}],"predecessor-version":[{"id":6121,"href":"https:\/\/www.penatigolfresort.sk\/en\/wp-json\/wp\/v2\/pages\/83\/revisions\/6121"}],"up":[{"embeddable":true,"href":"https:\/\/www.penatigolfresort.sk\/en\/wp-json\/wp\/v2\/pages\/58"}],"wp:attachment":[{"href":"https:\/\/www.penatigolfresort.sk\/en\/wp-json\/wp\/v2\/media?parent=83"}],"curies":[{"name":"wp","href":"https:\/\/api.w.org\/{rel}","templated":true}]}}