	{"id":4330,"date":"2018-08-13T16:27:56","date_gmt":"2018-08-13T15:27:56","guid":{"rendered":"http:\/\/www.penatigolfresort.sk\/?page_id=4330"},"modified":"2018-08-14T09:28:41","modified_gmt":"2018-08-14T08:28:41","slug":"pravidla-pouzivania-cookies","status":"publish","type":"page","link":"https:\/\/www.penatigolfresort.sk\/en\/pravidla-pouzivania-cookies\/","title":{"rendered":"(Slovak) Pravidl\u00e1 pou\u017e\u00edvania cookies"},"content":{"rendered":"<p class=\"qtranxs-available-languages-message qtranxs-available-languages-message-en\">Sorry, this entry is only available in <a href=\"https:\/\/www.penatigolfresort.sk\/sk\/wp-json\/wp\/v2\/pages\/4330\" class=\"qtranxs-available-language-link qtranxs-available-language-link-sk\" title=\"Slovak\">Slovak<\/a>.<\/p>","protected":false},"excerpt":{"rendered":"<p>Sorry, this entry is only available in Slovak.<\/p>\n","protected":false},"author":1,"featured_media":0,"parent":0,"menu_order":0,"comment_status":"closed","ping_status":"closed","template":"","meta":{"_acf_changed":false,"footnotes":"","_links_to":"","_links_to_target":""},"class_list":["post-4330","page","type-page","status-publish","hentry"],"acf":[],"_links":{"self":[{"href":"https:\/\/www.penatigolfresort.sk\/en\/wp-json\/wp\/v2\/pages\/4330","targetHints":{"allow":["GET"]}}],"collection":[{"href":"https:\/\/www.penatigolfresort.sk\/en\/wp-json\/wp\/v2\/pages"}],"about":[{"href":"https:\/\/www.penatigolfresort.sk\/en\/wp-json\/wp\/v2\/types\/page"}],"author":[{"embeddable":true,"href":"https:\/\/www.penatigolfresort.sk\/en\/wp-json\/wp\/v2\/users\/1"}],"replies":[{"embeddable":true,"href":"https:\/\/www.penatigolfresort.sk\/en\/wp-json\/wp\/v2\/comments?post=4330"}],"version-history":[{"count":2,"href":"https:\/\/www.penatigolfresort.sk\/en\/wp-json\/wp\/v2\/pages\/4330\/revisions"}],"predecessor-version":[{"id":4333,"href":"https:\/\/www.penatigolfresort.sk\/en\/wp-json\/wp\/v2\/pages\/4330\/revisions\/4333"}],"wp:attachment":[{"href":"https:\/\/www.penatigolfresort.sk\/en\/wp-json\/wp\/v2\/media?parent=4330"}],"curies":[{"name":"wp","href":"https:\/\/api.w.org\/{rel}","templated":true}]}}